{"id":675,"date":"2020-08-27T12:21:28","date_gmt":"2020-08-27T11:21:28","guid":{"rendered":"http:\/\/juwelier-luger.de\/?page_id=675"},"modified":"2020-09-08T17:41:49","modified_gmt":"2020-09-08T16:41:49","slug":"frank-trautz","status":"publish","type":"page","link":"https:\/\/juwelier-luger.de\/?page_id=675","title":{"rendered":"Frank Trautz"},"content":{"rendered":"<p><img loading=\"lazy\" decoding=\"async\" class=\"aligncenter wp-image-742\" src=\"http:\/\/juwelier-luger.de\/wp-content\/uploads\/2020\/08\/603x1000-trautz_1.jpg\" alt=\"\" width=\"438\" height=\"727\" srcset=\"https:\/\/juwelier-luger.de\/wp-content\/uploads\/2020\/08\/603x1000-trautz_1.jpg 603w, https:\/\/juwelier-luger.de\/wp-content\/uploads\/2020\/08\/603x1000-trautz_1-181x300.jpg 181w\" sizes=\"auto, (max-width: 438px) 100vw, 438px\" \/><\/p>\n<p>&#8222;Magic Movable Jewellery- die Kollektion von der Manufaktur FRANK TRAUTZ Schmuck und Tradition seit 1928&#8220;<\/p>\n<p>&#8222;Magic, der bewegliche Juwelenschmuck, eine handwerkliche Meisterleistung der Goldschmiedekunst. Bei allen Schmuckst\u00fccken werden die Einzelteile in 750\/- Weissgold mit Palladium; Rose`- oder Gelbgold gefertigt. Jedes Schmuckst\u00fcck hat durch die Beweglichkeit einen einmaligen Tragekomfort und verleiht der Tr\u00e4gerin Exklusivit\u00e4t. Die ausgesuchten nat\u00fcrlichen Diamanten in ihrer seltenen Sch\u00f6nheit, Qualit\u00e4t VS feines Weiss, werden mit dem Mikroskop gefasst. Die sogenannten 4C, Clarity, Colour, Karat und Cut, bestimmen zusammen den Wert der Diamanten.&#8220;<\/p>\n<p>&nbsp;<\/p>\n","protected":false},"excerpt":{"rendered":"<p>&#8222;Magic Movable Jewellery- die Kollektion von der Manufaktur FRANK TRAUTZ Schmuck und Tradition seit 1928&#8220; &#8222;Magic, der bewegliche Juwelenschmuck, eine handwerkliche Meisterleistung der Goldschmiedekunst. Bei allen Schmuckst\u00fccken werden die Einzelteile in 750\/- Weissgold mit Palladium; Rose`- oder Gelbgold gefertigt. Jedes Schmuckst\u00fcck hat durch die Beweglichkeit einen einmaligen Tragekomfort und verleiht der Tr\u00e4gerin Exklusivit\u00e4t. Die ausgesuchten <a class=\"more-link\" href=\"https:\/\/juwelier-luger.de\/?page_id=675\">Weiterlesen&#8230;<\/a><\/p>\n","protected":false},"author":3,"featured_media":0,"parent":23,"menu_order":0,"comment_status":"closed","ping_status":"closed","template":"","meta":{"footnotes":""},"class_list":["post-675","page","type-page","status-publish","hentry"],"aioseo_notices":[],"_links":{"self":[{"href":"https:\/\/juwelier-luger.de\/index.php?rest_route=\/wp\/v2\/pages\/675","targetHints":{"allow":["GET"]}}],"collection":[{"href":"https:\/\/juwelier-luger.de\/index.php?rest_route=\/wp\/v2\/pages"}],"about":[{"href":"https:\/\/juwelier-luger.de\/index.php?rest_route=\/wp\/v2\/types\/page"}],"author":[{"embeddable":true,"href":"https:\/\/juwelier-luger.de\/index.php?rest_route=\/wp\/v2\/users\/3"}],"replies":[{"embeddable":true,"href":"https:\/\/juwelier-luger.de\/index.php?rest_route=%2Fwp%2Fv2%2Fcomments&post=675"}],"version-history":[{"count":7,"href":"https:\/\/juwelier-luger.de\/index.php?rest_route=\/wp\/v2\/pages\/675\/revisions"}],"predecessor-version":[{"id":745,"href":"https:\/\/juwelier-luger.de\/index.php?rest_route=\/wp\/v2\/pages\/675\/revisions\/745"}],"up":[{"embeddable":true,"href":"https:\/\/juwelier-luger.de\/index.php?rest_route=\/wp\/v2\/pages\/23"}],"wp:attachment":[{"href":"https:\/\/juwelier-luger.de\/index.php?rest_route=%2Fwp%2Fv2%2Fmedia&parent=675"}],"curies":[{"name":"wp","href":"https:\/\/api.w.org\/{rel}","templated":true}]}}