{"id":673,"date":"2020-08-27T12:21:14","date_gmt":"2020-08-27T11:21:14","guid":{"rendered":"http:\/\/juwelier-luger.de\/?page_id=673"},"modified":"2020-09-08T17:45:06","modified_gmt":"2020-09-08T16:45:06","slug":"richard-hans-becker","status":"publish","type":"page","link":"https:\/\/juwelier-luger.de\/?page_id=673","title":{"rendered":"richard hans becker"},"content":{"rendered":"<p><img loading=\"lazy\" decoding=\"async\" class=\"aligncenter size-full wp-image-746\" src=\"http:\/\/juwelier-luger.de\/wp-content\/uploads\/2020\/08\/logo_becker.png\" alt=\"\" width=\"426\" height=\"155\" srcset=\"https:\/\/juwelier-luger.de\/wp-content\/uploads\/2020\/08\/logo_becker.png 426w, https:\/\/juwelier-luger.de\/wp-content\/uploads\/2020\/08\/logo_becker-300x109.png 300w\" sizes=\"auto, (max-width: 426px) 100vw, 426px\" \/><\/p>\n<p>R. Becker, ein Familienbetrieb in f\u00fcnfter Generation. Viele Jahrhunderte blickt man auf Edelstein-und Farbsteinschmuck zur\u00fcck.<\/p>\n<p>&#8220; Es ist das hohe handwerkliche K\u00f6nnen von Schleifern, Goldschmieden und Edelsteinfassern, sowie unser hoher Qualit\u00e4tsanspruch an Farbsteine, welche ein Schmuckst\u00fcck so besonders und wertvoll macht&#8220;<\/p>\n<p>Triple ,Classic, Just Simple Mine, Vintage, Balance, Just Sportive sind nur eine kleine Auswahl, die durch ihre Sch\u00f6nheit und nicht zuletzt Farbgebung imponieren und den Schmuck 100% Made in Germany so einmalig machen.<\/p>\n","protected":false},"excerpt":{"rendered":"<p>R. Becker, ein Familienbetrieb in f\u00fcnfter Generation. Viele Jahrhunderte blickt man auf Edelstein-und Farbsteinschmuck zur\u00fcck. &#8220; Es ist das hohe handwerkliche K\u00f6nnen von Schleifern, Goldschmieden und Edelsteinfassern, sowie unser hoher Qualit\u00e4tsanspruch an Farbsteine, welche ein Schmuckst\u00fcck so besonders und wertvoll macht&#8220; Triple ,Classic, Just Simple Mine, Vintage, Balance, Just Sportive sind nur eine kleine Auswahl, <a class=\"more-link\" href=\"https:\/\/juwelier-luger.de\/?page_id=673\">Weiterlesen&#8230;<\/a><\/p>\n","protected":false},"author":3,"featured_media":0,"parent":23,"menu_order":0,"comment_status":"closed","ping_status":"closed","template":"","meta":{"footnotes":""},"class_list":["post-673","page","type-page","status-publish","hentry"],"aioseo_notices":[],"_links":{"self":[{"href":"https:\/\/juwelier-luger.de\/index.php?rest_route=\/wp\/v2\/pages\/673","targetHints":{"allow":["GET"]}}],"collection":[{"href":"https:\/\/juwelier-luger.de\/index.php?rest_route=\/wp\/v2\/pages"}],"about":[{"href":"https:\/\/juwelier-luger.de\/index.php?rest_route=\/wp\/v2\/types\/page"}],"author":[{"embeddable":true,"href":"https:\/\/juwelier-luger.de\/index.php?rest_route=\/wp\/v2\/users\/3"}],"replies":[{"embeddable":true,"href":"https:\/\/juwelier-luger.de\/index.php?rest_route=%2Fwp%2Fv2%2Fcomments&post=673"}],"version-history":[{"count":4,"href":"https:\/\/juwelier-luger.de\/index.php?rest_route=\/wp\/v2\/pages\/673\/revisions"}],"predecessor-version":[{"id":747,"href":"https:\/\/juwelier-luger.de\/index.php?rest_route=\/wp\/v2\/pages\/673\/revisions\/747"}],"up":[{"embeddable":true,"href":"https:\/\/juwelier-luger.de\/index.php?rest_route=\/wp\/v2\/pages\/23"}],"wp:attachment":[{"href":"https:\/\/juwelier-luger.de\/index.php?rest_route=%2Fwp%2Fv2%2Fmedia&parent=673"}],"curies":[{"name":"wp","href":"https:\/\/api.w.org\/{rel}","templated":true}]}}