{"id":655,"date":"2019-05-10T12:34:01","date_gmt":"2019-05-10T11:34:01","guid":{"rendered":"http:\/\/juwelier-luger.de\/?page_id=655"},"modified":"2020-09-08T17:13:34","modified_gmt":"2020-09-08T16:13:34","slug":"ebel","status":"publish","type":"page","link":"https:\/\/juwelier-luger.de\/?page_id=655","title":{"rendered":"Ebel"},"content":{"rendered":"<p>&nbsp;<\/p>\n<p><img loading=\"lazy\" decoding=\"async\" class=\"aligncenter  wp-image-722\" src=\"http:\/\/juwelier-luger.de\/wp-content\/uploads\/2019\/05\/EBEL_logo_2019_cmyk_OK_MIT-SLOGAN-Kopie.jpg\" alt=\"\" width=\"331\" height=\"137\" srcset=\"https:\/\/juwelier-luger.de\/wp-content\/uploads\/2019\/05\/EBEL_logo_2019_cmyk_OK_MIT-SLOGAN-Kopie.jpg 387w, https:\/\/juwelier-luger.de\/wp-content\/uploads\/2019\/05\/EBEL_logo_2019_cmyk_OK_MIT-SLOGAN-Kopie-300x124.jpg 300w\" sizes=\"auto, (max-width: 331px) 100vw, 331px\" \/><\/p>\n<p>&#8222;Die Marke zeichnet sich durch konsistente Exzellenz aus und erreichte 1977 ihren H\u00f6hepunkt mit der Einf\u00fchrung eines neuen Modells, dass ma\u00dfgeblich zum Renommee der Marke beitrug und zum Markenzeichen von EBEL wurde.Die Lancierung der legend\u00e4ren Sport Classic mit dem einzigartigen Wellenarmband und dem integrierten Geh\u00e4use war die Geburt eines Erfolgproduktes und ein Durchbruch in Design und Funktion.&#8220;<\/p>\n<p>EBEL-Uhren zeichnen sich durch technische Pr\u00e4zision und markante \u00c4sthetik aus- \u00fcberzeugen Sie sich selbst.<\/p>\n","protected":false},"excerpt":{"rendered":"<p>&nbsp; &#8222;Die Marke zeichnet sich durch konsistente Exzellenz aus und erreichte 1977 ihren H\u00f6hepunkt mit der Einf\u00fchrung eines neuen Modells, dass ma\u00dfgeblich zum Renommee der Marke beitrug und zum Markenzeichen von EBEL wurde.Die Lancierung der legend\u00e4ren Sport Classic mit dem einzigartigen Wellenarmband und dem integrierten Geh\u00e4use war die Geburt eines Erfolgproduktes und ein Durchbruch in <a class=\"more-link\" href=\"https:\/\/juwelier-luger.de\/?page_id=655\">Weiterlesen&#8230;<\/a><\/p>\n","protected":false},"author":3,"featured_media":0,"parent":197,"menu_order":0,"comment_status":"closed","ping_status":"closed","template":"","meta":{"footnotes":""},"class_list":["post-655","page","type-page","status-publish","hentry"],"aioseo_notices":[],"_links":{"self":[{"href":"https:\/\/juwelier-luger.de\/index.php?rest_route=\/wp\/v2\/pages\/655","targetHints":{"allow":["GET"]}}],"collection":[{"href":"https:\/\/juwelier-luger.de\/index.php?rest_route=\/wp\/v2\/pages"}],"about":[{"href":"https:\/\/juwelier-luger.de\/index.php?rest_route=\/wp\/v2\/types\/page"}],"author":[{"embeddable":true,"href":"https:\/\/juwelier-luger.de\/index.php?rest_route=\/wp\/v2\/users\/3"}],"replies":[{"embeddable":true,"href":"https:\/\/juwelier-luger.de\/index.php?rest_route=%2Fwp%2Fv2%2Fcomments&post=655"}],"version-history":[{"count":4,"href":"https:\/\/juwelier-luger.de\/index.php?rest_route=\/wp\/v2\/pages\/655\/revisions"}],"predecessor-version":[{"id":723,"href":"https:\/\/juwelier-luger.de\/index.php?rest_route=\/wp\/v2\/pages\/655\/revisions\/723"}],"up":[{"embeddable":true,"href":"https:\/\/juwelier-luger.de\/index.php?rest_route=\/wp\/v2\/pages\/197"}],"wp:attachment":[{"href":"https:\/\/juwelier-luger.de\/index.php?rest_route=%2Fwp%2Fv2%2Fmedia&parent=655"}],"curies":[{"name":"wp","href":"https:\/\/api.w.org\/{rel}","templated":true}]}}