{"id":336,"date":"2016-12-31T11:56:57","date_gmt":"2016-12-31T10:56:57","guid":{"rendered":"http:\/\/juwelier-luger.de\/?page_id=336"},"modified":"2017-11-23T15:04:31","modified_gmt":"2017-11-23T14:04:31","slug":"max-kemper-trauringe","status":"publish","type":"page","link":"https:\/\/juwelier-luger.de\/?page_id=336","title":{"rendered":"Max Kemper Trauringe"},"content":{"rendered":"<p style=\"text-align: center;\">Leidenschaft seit mehr als 130 Jahren&#8230;<\/p>\n<p style=\"text-align: center;\">Sch\u00f6nheit hat auch eine ganz praktische Seite &#8211; Erfahrung, technisches Know-how, Handwerkskunst.<\/p>\n<p style=\"text-align: center;\">ALLE Schmuckst\u00fccke des Hauses Max Kemper werden vor Ort in Detmold gefertigt. Die verwendeten Materialien werden sorgf\u00e4ltig und auf deren ethisch einwandfreie Herkunft gepr\u00fcft und besitzen die Klassifizierung des chain of custody (CoC).<\/p>\n<p style=\"text-align: center;\">Max Kemper unterst\u00fctzt die Initiative &#8222;100% Made in Germany&#8220;, die 2014 von neun deutschen Trauringherstellern ins Leben gerufen wurde.<\/p>\n","protected":false},"excerpt":{"rendered":"<p>Leidenschaft seit mehr als 130 Jahren&#8230; Sch\u00f6nheit hat auch eine ganz praktische Seite &#8211; Erfahrung, technisches Know-how, Handwerkskunst. ALLE Schmuckst\u00fccke des Hauses Max Kemper werden vor Ort in Detmold gefertigt. Die verwendeten Materialien werden sorgf\u00e4ltig und auf deren ethisch einwandfreie Herkunft gepr\u00fcft und besitzen die Klassifizierung des chain of custody (CoC). Max Kemper unterst\u00fctzt die <a class=\"more-link\" href=\"https:\/\/juwelier-luger.de\/?page_id=336\">Weiterlesen&#8230;<\/a><\/p>\n","protected":false},"author":1,"featured_media":0,"parent":0,"menu_order":0,"comment_status":"closed","ping_status":"closed","template":"","meta":{"footnotes":""},"class_list":["post-336","page","type-page","status-publish","hentry"],"aioseo_notices":[],"_links":{"self":[{"href":"https:\/\/juwelier-luger.de\/index.php?rest_route=\/wp\/v2\/pages\/336","targetHints":{"allow":["GET"]}}],"collection":[{"href":"https:\/\/juwelier-luger.de\/index.php?rest_route=\/wp\/v2\/pages"}],"about":[{"href":"https:\/\/juwelier-luger.de\/index.php?rest_route=\/wp\/v2\/types\/page"}],"author":[{"embeddable":true,"href":"https:\/\/juwelier-luger.de\/index.php?rest_route=\/wp\/v2\/users\/1"}],"replies":[{"embeddable":true,"href":"https:\/\/juwelier-luger.de\/index.php?rest_route=%2Fwp%2Fv2%2Fcomments&post=336"}],"version-history":[{"count":4,"href":"https:\/\/juwelier-luger.de\/index.php?rest_route=\/wp\/v2\/pages\/336\/revisions"}],"predecessor-version":[{"id":603,"href":"https:\/\/juwelier-luger.de\/index.php?rest_route=\/wp\/v2\/pages\/336\/revisions\/603"}],"wp:attachment":[{"href":"https:\/\/juwelier-luger.de\/index.php?rest_route=%2Fwp%2Fv2%2Fmedia&parent=336"}],"curies":[{"name":"wp","href":"https:\/\/api.w.org\/{rel}","templated":true}]}}