{"id":313,"date":"2016-12-31T11:37:24","date_gmt":"2016-12-31T10:37:24","guid":{"rendered":"http:\/\/juwelier-luger.de\/?page_id=313"},"modified":"2020-09-08T17:30:28","modified_gmt":"2020-09-08T16:30:28","slug":"paul-hewitt-2","status":"publish","type":"page","link":"https:\/\/juwelier-luger.de\/?page_id=313","title":{"rendered":"Paul Hewitt"},"content":{"rendered":"<p><img loading=\"lazy\" decoding=\"async\" class=\"aligncenter wp-image-732\" src=\"http:\/\/juwelier-luger.de\/wp-content\/uploads\/2016\/12\/Paul-Hewitt_Logo.jpg\" alt=\"\" width=\"547\" height=\"182\" srcset=\"https:\/\/juwelier-luger.de\/wp-content\/uploads\/2016\/12\/Paul-Hewitt_Logo.jpg 769w, https:\/\/juwelier-luger.de\/wp-content\/uploads\/2016\/12\/Paul-Hewitt_Logo-300x100.jpg 300w, https:\/\/juwelier-luger.de\/wp-content\/uploads\/2016\/12\/Paul-Hewitt_Logo-768x256.jpg 768w\" sizes=\"auto, (max-width: 547px) 100vw, 547px\" \/><\/p>\n<p>&nbsp;<\/p>\n<p>&#8222;Die Symbiose klassischer Eleganz und sportlicher Dynamik, abgerundet mit <b>maritimen Details<\/b>, zeichnet das gesamte Sortiment aus. Dabei symbolisiert der <b>PAUL HEWITT Anker<\/b> auf jedem der Produkte mehr als nur die Herkunft. Der PAUL HEWITT Anker ist Ausdruck eines Lebensgef\u00fchls. Ein Zeichen von <b>Authentizit\u00e4t<\/b>, <b>Verbundenheit<\/b>, dem <b>Streben nach Selbstentfaltung <\/b>und dem Festhalten an dem, was wir lieben.<\/p>\n<p><span style=\"font-size: 1.5rem;\">PAUL HEWITT ist eine Geschichte vom Aufbrechen und wieder Ankommen. Von der Liebe zum Meer und dem <\/span><b style=\"font-size: 1.5rem;\">Gef\u00fchl von Freiheit.<\/b><span style=\"font-size: 1.5rem;\"> Von der <\/span><b style=\"font-size: 1.5rem;\">Verbundenheit zur Heimat <\/b><span style=\"font-size: 1.5rem;\">und den Menschen, die wir im Herzen tragen.<\/span><\/p>\n<p>Stilbewusst und zeitlos zugleich, \u00fcberzeugen die PAUL HEWITT Produkte durch unz\u00e4hlige Kombinationsm\u00f6glichkeiten und verleihen deinem Outfit den letzten Schliff.&#8220;<\/p>\n","protected":false},"excerpt":{"rendered":"<p>&nbsp; &#8222;Die Symbiose klassischer Eleganz und sportlicher Dynamik, abgerundet mit maritimen Details, zeichnet das gesamte Sortiment aus. Dabei symbolisiert der PAUL HEWITT Anker auf jedem der Produkte mehr als nur die Herkunft. Der PAUL HEWITT Anker ist Ausdruck eines Lebensgef\u00fchls. Ein Zeichen von Authentizit\u00e4t, Verbundenheit, dem Streben nach Selbstentfaltung und dem Festhalten an dem, was <a class=\"more-link\" href=\"https:\/\/juwelier-luger.de\/?page_id=313\">Weiterlesen&#8230;<\/a><\/p>\n","protected":false},"author":1,"featured_media":0,"parent":0,"menu_order":0,"comment_status":"closed","ping_status":"closed","template":"","meta":{"footnotes":""},"class_list":["post-313","page","type-page","status-publish","hentry"],"aioseo_notices":[],"_links":{"self":[{"href":"https:\/\/juwelier-luger.de\/index.php?rest_route=\/wp\/v2\/pages\/313","targetHints":{"allow":["GET"]}}],"collection":[{"href":"https:\/\/juwelier-luger.de\/index.php?rest_route=\/wp\/v2\/pages"}],"about":[{"href":"https:\/\/juwelier-luger.de\/index.php?rest_route=\/wp\/v2\/types\/page"}],"author":[{"embeddable":true,"href":"https:\/\/juwelier-luger.de\/index.php?rest_route=\/wp\/v2\/users\/1"}],"replies":[{"embeddable":true,"href":"https:\/\/juwelier-luger.de\/index.php?rest_route=%2Fwp%2Fv2%2Fcomments&post=313"}],"version-history":[{"count":6,"href":"https:\/\/juwelier-luger.de\/index.php?rest_route=\/wp\/v2\/pages\/313\/revisions"}],"predecessor-version":[{"id":733,"href":"https:\/\/juwelier-luger.de\/index.php?rest_route=\/wp\/v2\/pages\/313\/revisions\/733"}],"wp:attachment":[{"href":"https:\/\/juwelier-luger.de\/index.php?rest_route=%2Fwp%2Fv2%2Fmedia&parent=313"}],"curies":[{"name":"wp","href":"https:\/\/api.w.org\/{rel}","templated":true}]}}