{"id":306,"date":"2016-12-31T11:37:24","date_gmt":"2016-12-31T10:37:24","guid":{"rendered":"http:\/\/juwelier-luger.de\/?page_id=306"},"modified":"2019-05-10T12:38:43","modified_gmt":"2019-05-10T11:38:43","slug":"bruno-soehnle","status":"publish","type":"page","link":"https:\/\/juwelier-luger.de\/?page_id=306","title":{"rendered":"Bruno S\u00f6hnle"},"content":{"rendered":"<div class=\"csc-header csc-header-n3\">\n<h1 style=\"text-align: center;\"><img loading=\"lazy\" decoding=\"async\" class=\"alignnone size-medium wp-image-410\" src=\"http:\/\/juwelier-luger.de\/wp-content\/uploads\/2016\/12\/soehnlelogo-300x156.jpg\" alt=\"\" width=\"300\" height=\"156\" srcset=\"https:\/\/juwelier-luger.de\/wp-content\/uploads\/2016\/12\/soehnlelogo-300x156.jpg 300w, https:\/\/juwelier-luger.de\/wp-content\/uploads\/2016\/12\/soehnlelogo-768x399.jpg 768w, https:\/\/juwelier-luger.de\/wp-content\/uploads\/2016\/12\/soehnlelogo.jpg 817w\" sizes=\"auto, (max-width: 300px) 100vw, 300px\" \/><\/h1>\n<\/div>\n<h3 class=\"bodytext\">Der Einklang von Sch\u00f6nheit und Funktionalit\u00e4t<\/h3>\n<p class=\"bodytext\">Seit \u00fcber 50 Jahren ist der Name Bruno S\u00f6hnle mit deutscher Uhrenherstellung verbunden. Das ehemalige Assmann-Haus im s\u00e4chsischen Glash\u00fctte ist Produktionsst\u00e4tte wie Entwicklungszentrum. Hier werden die Quarzpr\u00e4zisionswerke von qualifizierten Fachkr\u00e4ften veredelt und remontiert.<\/p>\n<p class=\"bodytext\">Lassen Sie sich durch eine Bruno S\u00f6hnle-Uhr auf klassische Weise st\u00e4ndig begleiten und erleben Sie dadurch eine neue Zeit-Dimension. Unsere neue Uhren-Kollektion l\u00e4sst Ihnen Raum zur Entscheidung. Ob elegant, sportiv, betont feminin oder avantgardistisch \u2013 eine Bruno S\u00f6hnle-Uhr ist immer die richtige Uhr zur richtigen Zeit.<\/p>\n<h3 class=\"bodytext\">Zeit in einer ganz besonderen Dimension<\/h3>\n<p class=\"bodytext\">Bruno S\u00f6hnle-Uhren k\u00f6nnen nicht nur mit der absoluten Pr\u00e4zision eines Quarzwerks die Zeit anzeigen, sie verleihen ihr, der Zeit, eine ganz besondere Dimension: Der Blick auf eine Bruno S\u00f6hnle-Uhr vermittelt eine Einheit aus \u00c4sthetik und technischer Vollkommenheit und macht damit jede abzulesende Zeit zum besonderen Augenblick. Die Uhrmacherkunst des Schaffens von besonderen Augenblicken liegt bei Bruno S\u00f6hnle in der Reduktion. Bruno S\u00f6hnle-Uhren sind Design-Klassiker, die sich in ihrer Formensprache auf das Wesentliche konzentrieren und doch Platz f\u00fcr liebevolle Details lassen. Das macht sie so einzigartig: Erfahrung, Qualit\u00e4t und Perfektion werden in den Uhren so interpretiert, dass sie f\u00fcr viele Menschen zu einem gern gesehenen Zeit-Mess-Instrument werden. Und dabei stellen die Uhren zugleich ihren hohen Reiz als Schmuckst\u00fcck unter Beweis.<\/p>\n","protected":false},"excerpt":{"rendered":"<p>Der Einklang von Sch\u00f6nheit und Funktionalit\u00e4t Seit \u00fcber 50 Jahren ist der Name Bruno S\u00f6hnle mit deutscher Uhrenherstellung verbunden. Das ehemalige Assmann-Haus im s\u00e4chsischen Glash\u00fctte ist Produktionsst\u00e4tte wie Entwicklungszentrum. Hier werden die Quarzpr\u00e4zisionswerke von qualifizierten Fachkr\u00e4ften veredelt und remontiert. Lassen Sie sich durch eine Bruno S\u00f6hnle-Uhr auf klassische Weise st\u00e4ndig begleiten und erleben Sie dadurch <a class=\"more-link\" href=\"https:\/\/juwelier-luger.de\/?page_id=306\">Weiterlesen&#8230;<\/a><\/p>\n","protected":false},"author":1,"featured_media":0,"parent":21,"menu_order":0,"comment_status":"closed","ping_status":"closed","template":"","meta":{"footnotes":""},"class_list":["post-306","page","type-page","status-publish","hentry"],"aioseo_notices":[],"_links":{"self":[{"href":"https:\/\/juwelier-luger.de\/index.php?rest_route=\/wp\/v2\/pages\/306","targetHints":{"allow":["GET"]}}],"collection":[{"href":"https:\/\/juwelier-luger.de\/index.php?rest_route=\/wp\/v2\/pages"}],"about":[{"href":"https:\/\/juwelier-luger.de\/index.php?rest_route=\/wp\/v2\/types\/page"}],"author":[{"embeddable":true,"href":"https:\/\/juwelier-luger.de\/index.php?rest_route=\/wp\/v2\/users\/1"}],"replies":[{"embeddable":true,"href":"https:\/\/juwelier-luger.de\/index.php?rest_route=%2Fwp%2Fv2%2Fcomments&post=306"}],"version-history":[{"count":3,"href":"https:\/\/juwelier-luger.de\/index.php?rest_route=\/wp\/v2\/pages\/306\/revisions"}],"predecessor-version":[{"id":412,"href":"https:\/\/juwelier-luger.de\/index.php?rest_route=\/wp\/v2\/pages\/306\/revisions\/412"}],"up":[{"embeddable":true,"href":"https:\/\/juwelier-luger.de\/index.php?rest_route=\/wp\/v2\/pages\/21"}],"wp:attachment":[{"href":"https:\/\/juwelier-luger.de\/index.php?rest_route=%2Fwp%2Fv2%2Fmedia&parent=306"}],"curies":[{"name":"wp","href":"https:\/\/api.w.org\/{rel}","templated":true}]}}