{"id":291,"date":"2016-12-31T11:32:53","date_gmt":"2016-12-31T10:32:53","guid":{"rendered":"http:\/\/juwelier-luger.de\/?page_id=291"},"modified":"2020-08-29T12:20:35","modified_gmt":"2020-08-29T11:20:35","slug":"giovanni-raspini","status":"publish","type":"page","link":"https:\/\/juwelier-luger.de\/?page_id=291","title":{"rendered":"Giovanni Raspini"},"content":{"rendered":"<p><img loading=\"lazy\" decoding=\"async\" class=\"aligncenter wp-image-443 size-medium\" src=\"http:\/\/juwelier-luger.de\/wp-content\/uploads\/2016\/12\/br_img_224_promo_10947-300x240.jpg\" width=\"300\" height=\"240\" srcset=\"https:\/\/juwelier-luger.de\/wp-content\/uploads\/2016\/12\/br_img_224_promo_10947-300x240.jpg 300w, https:\/\/juwelier-luger.de\/wp-content\/uploads\/2016\/12\/br_img_224_promo_10947.jpg 500w\" sizes=\"auto, (max-width: 300px) 100vw, 300px\" \/><\/p>\n<p>traumhafter, au\u00dfergew\u00f6hnlicher Schmuck f\u00fcr Frauen, von der Sch\u00f6nheit der Natur inspiriert und aus Sterling-Silber von italienischem Familienunternehmen geschaffen.<\/p>\n<p>&nbsp;<\/p>\n<p>&nbsp;<\/p>\n<p style=\"text-align: center;\"><a href=\"http:\/\/www.giovanniraspini.com\/en\/fall_winter_2017_18\">http:\/\/www.giovanniraspini.com\/en\/fall_winter_2017_18<\/a><\/p>\n","protected":false},"excerpt":{"rendered":"<p>traumhafter, au\u00dfergew\u00f6hnlicher Schmuck f\u00fcr Frauen, von der Sch\u00f6nheit der Natur inspiriert und aus Sterling-Silber von italienischem Familienunternehmen geschaffen. &nbsp; &nbsp; http:\/\/www.giovanniraspini.com\/en\/fall_winter_2017_18<\/p>\n","protected":false},"author":1,"featured_media":0,"parent":0,"menu_order":0,"comment_status":"closed","ping_status":"closed","template":"","meta":{"footnotes":""},"class_list":["post-291","page","type-page","status-publish","hentry"],"aioseo_notices":[],"_links":{"self":[{"href":"https:\/\/juwelier-luger.de\/index.php?rest_route=\/wp\/v2\/pages\/291","targetHints":{"allow":["GET"]}}],"collection":[{"href":"https:\/\/juwelier-luger.de\/index.php?rest_route=\/wp\/v2\/pages"}],"about":[{"href":"https:\/\/juwelier-luger.de\/index.php?rest_route=\/wp\/v2\/types\/page"}],"author":[{"embeddable":true,"href":"https:\/\/juwelier-luger.de\/index.php?rest_route=\/wp\/v2\/users\/1"}],"replies":[{"embeddable":true,"href":"https:\/\/juwelier-luger.de\/index.php?rest_route=%2Fwp%2Fv2%2Fcomments&post=291"}],"version-history":[{"count":6,"href":"https:\/\/juwelier-luger.de\/index.php?rest_route=\/wp\/v2\/pages\/291\/revisions"}],"predecessor-version":[{"id":720,"href":"https:\/\/juwelier-luger.de\/index.php?rest_route=\/wp\/v2\/pages\/291\/revisions\/720"}],"wp:attachment":[{"href":"https:\/\/juwelier-luger.de\/index.php?rest_route=%2Fwp%2Fv2%2Fmedia&parent=291"}],"curies":[{"name":"wp","href":"https:\/\/api.w.org\/{rel}","templated":true}]}}