{"id":287,"date":"2016-12-31T11:32:53","date_gmt":"2016-12-31T10:32:53","guid":{"rendered":"http:\/\/juwelier-luger.de\/?page_id=287"},"modified":"2017-11-23T17:16:08","modified_gmt":"2017-11-23T16:16:08","slug":"ellaine-firenze","status":"publish","type":"page","link":"https:\/\/juwelier-luger.de\/?page_id=287","title":{"rendered":"Elaine Firenze"},"content":{"rendered":"<p><img loading=\"lazy\" decoding=\"async\" class=\"size-medium wp-image-413 aligncenter\" src=\"http:\/\/juwelier-luger.de\/wp-content\/uploads\/2016\/12\/Download-300x94.png\" alt=\"\" width=\"300\" height=\"94\" srcset=\"https:\/\/juwelier-luger.de\/wp-content\/uploads\/2016\/12\/Download-300x94.png 300w, https:\/\/juwelier-luger.de\/wp-content\/uploads\/2016\/12\/Download.png 328w\" sizes=\"auto, (max-width: 300px) 100vw, 300px\" \/><\/p>\n<h3 style=\"text-align: left;\">DEM SCH\u00d6NEN VERBUNDEN<\/h3>\n<p style=\"text-align: left;\">Edler Schmuck bringt Farbe ins Leben. Besonders dann, wenn ausgesucht sch\u00f6ne Farbsteine und modernes Design der Kollektion den Charakter des Besonderen und Au\u00dfergew\u00f6hnlichen verleihen. Unverkennbar spiegelt sich das italienische Lebensgef\u00fchl in den Schmuckkreationen von ELAINE FIRENZE. Die Symbiose von Gold und Edelsteinen ergibt ein interessantes Farben- und Formenspiel von ausdrucksstarker Dynamik und Spannung. ELAINE FIRENZE ist Schmuckdesign aus Italien. Strahlend sch\u00f6n, verf\u00fchrerisch und faszinierend.<\/p>\n<p style=\"text-align: center;\"><a href=\"http:\/\/www.elaine-firenze.de\/de\/kollektion-2016\/#!\/1\">http:\/\/www.elaine-firenze.de\/de\/kollektion-2016\/#!\/1<\/a><\/p>\n","protected":false},"excerpt":{"rendered":"<p>DEM SCH\u00d6NEN VERBUNDEN Edler Schmuck bringt Farbe ins Leben. Besonders dann, wenn ausgesucht sch\u00f6ne Farbsteine und modernes Design der Kollektion den Charakter des Besonderen und Au\u00dfergew\u00f6hnlichen verleihen. Unverkennbar spiegelt sich das italienische Lebensgef\u00fchl in den Schmuckkreationen von ELAINE FIRENZE. Die Symbiose von Gold und Edelsteinen ergibt ein interessantes Farben- und Formenspiel von ausdrucksstarker Dynamik und <a class=\"more-link\" href=\"https:\/\/juwelier-luger.de\/?page_id=287\">Weiterlesen&#8230;<\/a><\/p>\n","protected":false},"author":1,"featured_media":0,"parent":0,"menu_order":0,"comment_status":"closed","ping_status":"closed","template":"","meta":{"footnotes":""},"class_list":["post-287","page","type-page","status-publish","hentry"],"aioseo_notices":[],"_links":{"self":[{"href":"https:\/\/juwelier-luger.de\/index.php?rest_route=\/wp\/v2\/pages\/287","targetHints":{"allow":["GET"]}}],"collection":[{"href":"https:\/\/juwelier-luger.de\/index.php?rest_route=\/wp\/v2\/pages"}],"about":[{"href":"https:\/\/juwelier-luger.de\/index.php?rest_route=\/wp\/v2\/types\/page"}],"author":[{"embeddable":true,"href":"https:\/\/juwelier-luger.de\/index.php?rest_route=\/wp\/v2\/users\/1"}],"replies":[{"embeddable":true,"href":"https:\/\/juwelier-luger.de\/index.php?rest_route=%2Fwp%2Fv2%2Fcomments&post=287"}],"version-history":[{"count":8,"href":"https:\/\/juwelier-luger.de\/index.php?rest_route=\/wp\/v2\/pages\/287\/revisions"}],"predecessor-version":[{"id":609,"href":"https:\/\/juwelier-luger.de\/index.php?rest_route=\/wp\/v2\/pages\/287\/revisions\/609"}],"wp:attachment":[{"href":"https:\/\/juwelier-luger.de\/index.php?rest_route=%2Fwp%2Fv2%2Fmedia&parent=287"}],"curies":[{"name":"wp","href":"https:\/\/api.w.org\/{rel}","templated":true}]}}