{"id":286,"date":"2016-12-31T11:32:53","date_gmt":"2016-12-31T10:32:53","guid":{"rendered":"http:\/\/juwelier-luger.de\/?page_id=286"},"modified":"2020-09-08T17:40:39","modified_gmt":"2020-09-08T16:40:39","slug":"palido","status":"publish","type":"page","link":"https:\/\/juwelier-luger.de\/?page_id=286","title":{"rendered":"Palido"},"content":{"rendered":"<p class=\"p1\"><img loading=\"lazy\" decoding=\"async\" class=\"aligncenter  wp-image-740\" src=\"http:\/\/juwelier-luger.de\/wp-content\/uploads\/2016\/12\/Palido.png\" alt=\"\" width=\"540\" height=\"270\" srcset=\"https:\/\/juwelier-luger.de\/wp-content\/uploads\/2016\/12\/Palido.png 800w, https:\/\/juwelier-luger.de\/wp-content\/uploads\/2016\/12\/Palido-300x150.png 300w, https:\/\/juwelier-luger.de\/wp-content\/uploads\/2016\/12\/Palido-768x384.png 768w\" sizes=\"auto, (max-width: 540px) 100vw, 540px\" \/><\/p>\n<p class=\"p1\"><strong>&#8222;Best\u00e4ndigkeit<\/strong> und <strong>bleibende Werte<\/strong> gewinnen wieder an Bedeutung. Im Bereich des Schmucks sind best\u00e4ndige Werte ein Dauerbrenner \u2013 nicht umsonst werden Schmuckst\u00fccke von einer Generation zur n\u00e4chsten weitergereicht. Hier kann Freude geteilt werden, die den Augenblick \u00fcberdauert.<\/p>\n<p class=\"p1\">Hinter der Marke Palido steht eine <strong>\u00f6sterreichische Familientradition<\/strong> f\u00fcr <strong>erstklassige Qualit\u00e4t<\/strong> und <strong>au\u00dfergew\u00f6hnliches Design<\/strong>.<\/p>\n<p class=\"p1\">F\u00fcr Sie und Ihre Liebsten entwerfen unsere Designer 14- und 18-kar\u00e4tigen Goldschmuck. Kreationen, die mit Diamanten und Farbedelsteinen Ihre pers\u00f6nliche Note unterstreichen.&#8220;<\/p>\n","protected":false},"excerpt":{"rendered":"<p>&#8222;Best\u00e4ndigkeit und bleibende Werte gewinnen wieder an Bedeutung. Im Bereich des Schmucks sind best\u00e4ndige Werte ein Dauerbrenner \u2013 nicht umsonst werden Schmuckst\u00fccke von einer Generation zur n\u00e4chsten weitergereicht. Hier kann Freude geteilt werden, die den Augenblick \u00fcberdauert. Hinter der Marke Palido steht eine \u00f6sterreichische Familientradition f\u00fcr erstklassige Qualit\u00e4t und au\u00dfergew\u00f6hnliches Design. F\u00fcr Sie und Ihre <a class=\"more-link\" href=\"https:\/\/juwelier-luger.de\/?page_id=286\">Weiterlesen&#8230;<\/a><\/p>\n","protected":false},"author":1,"featured_media":0,"parent":0,"menu_order":0,"comment_status":"closed","ping_status":"closed","template":"","meta":{"footnotes":""},"class_list":["post-286","page","type-page","status-publish","hentry"],"aioseo_notices":[],"_links":{"self":[{"href":"https:\/\/juwelier-luger.de\/index.php?rest_route=\/wp\/v2\/pages\/286","targetHints":{"allow":["GET"]}}],"collection":[{"href":"https:\/\/juwelier-luger.de\/index.php?rest_route=\/wp\/v2\/pages"}],"about":[{"href":"https:\/\/juwelier-luger.de\/index.php?rest_route=\/wp\/v2\/types\/page"}],"author":[{"embeddable":true,"href":"https:\/\/juwelier-luger.de\/index.php?rest_route=\/wp\/v2\/users\/1"}],"replies":[{"embeddable":true,"href":"https:\/\/juwelier-luger.de\/index.php?rest_route=%2Fwp%2Fv2%2Fcomments&post=286"}],"version-history":[{"count":5,"href":"https:\/\/juwelier-luger.de\/index.php?rest_route=\/wp\/v2\/pages\/286\/revisions"}],"predecessor-version":[{"id":741,"href":"https:\/\/juwelier-luger.de\/index.php?rest_route=\/wp\/v2\/pages\/286\/revisions\/741"}],"wp:attachment":[{"href":"https:\/\/juwelier-luger.de\/index.php?rest_route=%2Fwp%2Fv2%2Fmedia&parent=286"}],"curies":[{"name":"wp","href":"https:\/\/api.w.org\/{rel}","templated":true}]}}