{"id":199,"date":"2016-12-30T20:02:36","date_gmt":"2016-12-30T19:02:36","guid":{"rendered":"http:\/\/juwelier-luger.de\/?page_id=199"},"modified":"2017-11-23T16:52:09","modified_gmt":"2017-11-23T15:52:09","slug":"engelsrufer","status":"publish","type":"page","link":"https:\/\/juwelier-luger.de\/?page_id=199","title":{"rendered":"Engelsrufer"},"content":{"rendered":"<p>&nbsp;<\/p>\n<p style=\"text-align: center;\">\n<p style=\"text-align: center;\"><img loading=\"lazy\" decoding=\"async\" class=\"alignnone  wp-image-605\" src=\"http:\/\/juwelier-luger.de\/wp-content\/uploads\/2016\/12\/6_logo_engelsrufer-300x80.jpg\" alt=\"\" width=\"510\" height=\"136\" srcset=\"https:\/\/juwelier-luger.de\/wp-content\/uploads\/2016\/12\/6_logo_engelsrufer-300x80.jpg 300w, https:\/\/juwelier-luger.de\/wp-content\/uploads\/2016\/12\/6_logo_engelsrufer-768x205.jpg 768w, https:\/\/juwelier-luger.de\/wp-content\/uploads\/2016\/12\/6_logo_engelsrufer-1024x274.jpg 1024w, https:\/\/juwelier-luger.de\/wp-content\/uploads\/2016\/12\/6_logo_engelsrufer.jpg 1175w\" sizes=\"auto, (max-width: 510px) 100vw, 510px\" \/><\/p>\n<p style=\"text-align: center;\">&#8230; manchmal zum Sonnenaufgang, wenn wir nicht genau wissen,<\/p>\n<p style=\"text-align: center;\">ob wir schlafen oder wach sind, oder zur Abendd\u00e4mmerung, wenn sich Schatten bilden,<\/p>\n<p style=\"text-align: center;\">die uns an unseren Gef\u00fchlen zweifeln lassen, sp\u00fcren wir eine unsichtbare Pr\u00e4senz,<\/p>\n<p style=\"text-align: center;\">ein Fl\u00fcstern, ein Flattern, einen Fl\u00fcgelschlag bis hin zu einem Gef\u00fchl,<\/p>\n<p style=\"text-align: center;\">dass etwas unsere Wangen streichelt&#8230; etwas, das wir nicht definieren k\u00f6nnen.<\/p>\n<p style=\"text-align: center;\">Das sind die <em>Engel<\/em>, die uns umgeben, die kommen und gehen.<\/p>\n<p style=\"text-align: center;\">Sie h\u00f6ren unsere Geheimnisse, unser Fl\u00fcstern und kennen unsere <em>W\u00fcnsche<\/em>.<\/p>\n<p style=\"text-align: center;\">Falls Du den <em>Glauben<\/em> an sie durch <em>Kummer<\/em>, <em>Verluste<\/em> im Leben oder <em>Schmerz<\/em> verloren hast,<\/p>\n<p style=\"text-align: center;\">dann ist das hier, <em>Dein Engelsrufer<\/em>, damit sie Dich und Du wieder zu ihnen finden kannst.<\/p>\n<h6 style=\"text-align: center;\"><em>Glauben<\/em> Sie an <em>Schutzengel<\/em>?<\/h6>\n<p style=\"text-align: center;\">Wir haben uns <em>Gedanken<\/em> gemacht, wie es funktionieren kann,<\/p>\n<p style=\"text-align: center;\">sich seinen ganz <em>pers\u00f6nlichen Schutzengel<\/em> nicht nur vorzustellen, sondern zu sich zu \u201e<em>rufen<\/em>\u201c.<\/p>\n<p style=\"text-align: center;\">Eine <em>uralte Tradition<\/em> hat uns weiter geholfen. Der \u201e<em>Engelsrufer<\/em>\u201c \u2013 ein edel verarbeitetes <em>Schmuckst\u00fcck<\/em>,<\/p>\n<p style=\"text-align: center;\">fragil wie ein <em>Engel<\/em> und stark genug, um allen <em>Situationen gewachsen<\/em> zu sein.<\/p>\n<p style=\"text-align: center;\">Mit <em>Sorgfalt<\/em> in <em>hochwertiger Handarbeit gefertigt<\/em>, stehen unsere \u201e<em>Engelsrufer<\/em>\u201c f\u00fcr einen hohen <em>Qualit\u00e4tsstandard<\/em> und <em>Liebe zum Detail<\/em>.<\/p>\n<p style=\"text-align: center;\">Der <em>Korb<\/em> der wundersch\u00f6nen <em>Anh\u00e4nger<\/em> besteht aus <em>925er Sterling-Silber<\/em>.<\/p>\n<p style=\"text-align: center;\">Durch die <em>Rhodinierung<\/em> wurde die <em>Oberfl\u00e4che veredelt<\/em>, um dadurch den <em>Tragekomfort<\/em> zu erh\u00f6hen.<\/p>\n<p style=\"text-align: center;\">Das <em>Schmuckst\u00fcck<\/em> gibt es in <em>3 Gr\u00f6\u00dfen<\/em> und im Inneren des <em>Korbes<\/em>, welcher sich \u00f6ffnen l\u00e4sst, befindet sich eine <em>Klangkugel<\/em>,<\/p>\n<p style=\"text-align: center;\">die ebenfalls in sorgf\u00e4ltiger <em>Handarbeit aus Metall<\/em> hergestellt und lackiert wurde.<\/p>\n<p style=\"text-align: center;\">Die <em>klingenden Kugeln<\/em> sind in <em>9 verschiedenen Farben<\/em> erh\u00e4ltlich, wobei jede einzelne <em>Farbe<\/em> ihre ganz besondere <em>Bedeutung<\/em> hat.<\/p>\n<p style=\"text-align: center;\">Diese k\u00f6nnen in den verschiedenen <em>Farben und Gr\u00f6\u00dfen<\/em> einzeln gekauft und <em>individuell<\/em> ausgewechselt werden.<\/p>\n<p style=\"text-align: center;\">Jedes \u201e<em>Engelsrufer<\/em>\u201c &#8211; <em>Gl\u00f6ckchen<\/em> im Inneren der <em>Klangkugel<\/em> hat seinen eigenen <em>feinen Klang<\/em>.<\/p>\n<p style=\"text-align: center;\">Das zarte <em>Klingen<\/em> soll unsere <em>Schutzengel<\/em> an unsere Seite rufen, damit sie uns vor allen <em>Gefahren beh\u00fcten<\/em> k\u00f6nnen.<\/p>\n<p style=\"text-align: center;\">Der <em>harmonische Klang<\/em> der \u201e<em>Engelsrufer<\/em>\u201c soll auch die <em>fr\u00fchkindliche Entwicklung f\u00f6rdern<\/em> und der <em>Tr\u00e4gerin Entspannung<\/em> bringen.<\/p>\n<p style=\"text-align: center;\">Die <em>zauberhafte Erz\u00e4hlung<\/em> spiegelt sich im einzigartigen <em>Design<\/em> und in der pr\u00e4zisen <em>Verarbeitung<\/em> eines jeden \u201e<em>Engelsrufers<\/em>\u201c wider.<\/p>\n<p style=\"text-align: center;\">Ein <em>Engelsrufer<\/em> ist ein <em>liebevolles Geschenk<\/em> zu besonderen <em>Anl\u00e4ssen<\/em>, als <em>Gl\u00fccksbringer<\/em> an <em>geliebte Menschen<\/em>, damit diese <em>besch\u00fctzt<\/em> werden.<\/p>\n<p style=\"text-align: center;\">Die <em>Engelsrufer Kollektion<\/em> beinhaltet neben den beliebten <em>Anh\u00e4ngern<\/em> in verschiedenen Gr\u00f6\u00dfen auch die dazu passenden <em>Fl\u00fcgel<\/em>.<\/p>\n<p style=\"text-align: center;\">Weil was ist ein <em>Engel<\/em> ohne <em>Fl\u00fcgel<\/em>?<\/p>\n<p style=\"text-align: center;\">Wir <em>w\u00fcnschen<\/em> Ihnen viel <em>Freude<\/em> bei der Auswahl Ihrer pers\u00f6nlichen \u201e<em>Engelsrufer<\/em>\u201c<\/p>\n","protected":false},"excerpt":{"rendered":"<p>&nbsp; &#8230; manchmal zum Sonnenaufgang, wenn wir nicht genau wissen, ob wir schlafen oder wach sind, oder zur Abendd\u00e4mmerung, wenn sich Schatten bilden, die uns an unseren Gef\u00fchlen zweifeln lassen, sp\u00fcren wir eine unsichtbare Pr\u00e4senz, ein Fl\u00fcstern, ein Flattern, einen Fl\u00fcgelschlag bis hin zu einem Gef\u00fchl, dass etwas unsere Wangen streichelt&#8230; etwas, das wir nicht <a class=\"more-link\" href=\"https:\/\/juwelier-luger.de\/?page_id=199\">Weiterlesen&#8230;<\/a><\/p>\n","protected":false},"author":1,"featured_media":0,"parent":0,"menu_order":0,"comment_status":"closed","ping_status":"closed","template":"","meta":{"footnotes":""},"class_list":["post-199","page","type-page","status-publish","hentry"],"aioseo_notices":[],"_links":{"self":[{"href":"https:\/\/juwelier-luger.de\/index.php?rest_route=\/wp\/v2\/pages\/199","targetHints":{"allow":["GET"]}}],"collection":[{"href":"https:\/\/juwelier-luger.de\/index.php?rest_route=\/wp\/v2\/pages"}],"about":[{"href":"https:\/\/juwelier-luger.de\/index.php?rest_route=\/wp\/v2\/types\/page"}],"author":[{"embeddable":true,"href":"https:\/\/juwelier-luger.de\/index.php?rest_route=\/wp\/v2\/users\/1"}],"replies":[{"embeddable":true,"href":"https:\/\/juwelier-luger.de\/index.php?rest_route=%2Fwp%2Fv2%2Fcomments&post=199"}],"version-history":[{"count":5,"href":"https:\/\/juwelier-luger.de\/index.php?rest_route=\/wp\/v2\/pages\/199\/revisions"}],"predecessor-version":[{"id":606,"href":"https:\/\/juwelier-luger.de\/index.php?rest_route=\/wp\/v2\/pages\/199\/revisions\/606"}],"wp:attachment":[{"href":"https:\/\/juwelier-luger.de\/index.php?rest_route=%2Fwp%2Fv2%2Fmedia&parent=199"}],"curies":[{"name":"wp","href":"https:\/\/api.w.org\/{rel}","templated":true}]}}