{"id":196,"date":"2016-12-30T20:02:36","date_gmt":"2016-12-30T19:02:36","guid":{"rendered":"http:\/\/juwelier-luger.de\/?page_id=196"},"modified":"2017-01-20T16:30:53","modified_gmt":"2017-01-20T15:30:53","slug":"geschichte-unseres-traditiongeschaeftes","status":"publish","type":"page","link":"https:\/\/juwelier-luger.de\/?page_id=196","title":{"rendered":"Geschichte des Traditionsgesch\u00e4ftes Luger in Gunzenhausen"},"content":{"rendered":"<h5>1548<\/h5>\n<p>In diesem Jahr kam der erste Luger, Michael, aufgrund der damaligen Glaubenskriege nach Gunzenhausen und erhielt die B\u00fcrgerw\u00fcrde. Damit verbunden waren Rechte wie z.B. das Wahl- und Mitspracherecht in der B\u00fcrgerversammlung. In der Ahnenreihe befinden sich B\u00fcrgermeister, R\u00e4te der Stadt, Metzgermeister, Goldschl\u00e4ger, H\u00e4ndler und Wirte.<\/p>\n<p>&nbsp;<\/p>\n<h5>1875-1907<\/h5>\n<h4><img loading=\"lazy\" decoding=\"async\" class=\"alignnone wp-image-503\" src=\"http:\/\/juwelier-luger.de\/wp-content\/uploads\/2016\/12\/Luger2-227x300.jpg\" width=\"189\" height=\"250\" srcset=\"https:\/\/juwelier-luger.de\/wp-content\/uploads\/2016\/12\/Luger2-227x300.jpg 227w, https:\/\/juwelier-luger.de\/wp-content\/uploads\/2016\/12\/Luger2.jpg 688w\" sizes=\"auto, (max-width: 189px) 100vw, 189px\" \/><\/h4>\n<p>Im Jahre 1875 gr\u00fcndete Uhrmachermeister Karl Luger am Marktplatz sein &#8222;Uhrmachergesch\u00e4ft mit Goldwarenhandel&#8220;. Als Mitglied des Stadtrates nahm er Anteil am \u00f6ffentlichen Leben. Aus seiner Ehe mit Regina Luise Luger, geborene Kausler, gingen vier Kinder hervor: Elise, Christian, Frieda und Mina.<\/p>\n<p>&nbsp;<\/p>\n<h5>1907-1951<\/h5>\n<h4><img loading=\"lazy\" decoding=\"async\" class=\"alignnone wp-image-502\" src=\"http:\/\/juwelier-luger.de\/wp-content\/uploads\/2016\/12\/Luger1-212x300.jpg\" width=\"176\" height=\"250\" srcset=\"https:\/\/juwelier-luger.de\/wp-content\/uploads\/2016\/12\/Luger1-212x300.jpg 212w, https:\/\/juwelier-luger.de\/wp-content\/uploads\/2016\/12\/Luger1-768x1089.jpg 768w, https:\/\/juwelier-luger.de\/wp-content\/uploads\/2016\/12\/Luger1-722x1024.jpg 722w, https:\/\/juwelier-luger.de\/wp-content\/uploads\/2016\/12\/Luger1.jpg 1200w\" sizes=\"auto, (max-width: 176px) 100vw, 176px\" \/><\/h4>\n<p>Christian Luger, Uhrmachermeister und Goldschmied, \u00fcbernahm im Jahr 1907 den v\u00e4terlichen Betrieb. Durch die Kriegswirren des Ersten Weltkrieges, an dem er als Soldat teilnahm, und die Wirtschaftskrise f\u00fchrte er das Gesch\u00e4ft. Er heiratete Christa Luger, geborene Zink. Zusammen bekamen sie drei Kinder: Karl, sp\u00e4ter Uhrmachermeister in Roth, Mariechen und Robert. Am Ende des Zweiten Weltkrieges wurde das Haus am Marktplatz Opfer verheerender Pl\u00fcnderungen bei denen alles gestohlen wurde, was nicht niet- und nagelfest war.<br \/>\nZusammen mit Sohn Robert baute er das Gesch\u00e4ft wieder auf und f\u00fchrte es bis 1951. 1950 fand der erste gro\u00dfe Gesch\u00e4ftsumbau statt.<\/p>\n<p>&nbsp;<\/p>\n<h5>1951-1989<\/h5>\n<h4><img loading=\"lazy\" decoding=\"async\" class=\"alignnone wp-image-504\" src=\"http:\/\/juwelier-luger.de\/wp-content\/uploads\/2016\/12\/Luger3-212x300.jpg\" width=\"176\" height=\"250\" srcset=\"https:\/\/juwelier-luger.de\/wp-content\/uploads\/2016\/12\/Luger3-212x300.jpg 212w, https:\/\/juwelier-luger.de\/wp-content\/uploads\/2016\/12\/Luger3-768x1088.jpg 768w, https:\/\/juwelier-luger.de\/wp-content\/uploads\/2016\/12\/Luger3-723x1024.jpg 723w, https:\/\/juwelier-luger.de\/wp-content\/uploads\/2016\/12\/Luger3.jpg 1412w\" sizes=\"auto, (max-width: 176px) 100vw, 176px\" \/><\/h4>\n<p>Robert Luger war der n\u00e4chste in der Reihe. Seine Lehrzeit in Stuttgart schlo\u00df er 1933 mit der Auszeichnung als bester Absolvent durch den Zentralverband deutscher Uhrmacher ab. Danach arbeitete er in Berlin und sp\u00e4ter in Glash\u00fctte wo er mit Auszeichnung abschloss. Den zweiten Weltkrieg erlebte er als Flieger in Frankreich und Nord-Norwegen. W\u00e4hrend eines Kurzurlaubes von der Front legte er in N\u00fcrnberg die Pr\u00fcfung zum Uhrmachermeister ab. 1945 geriet er in Kriegsgefangenschaft, kehrte 1946 nach Deutschland zur\u00fcck, und begann mit seinem Vater den Familienbetrieb wieder auf-zubauen. Er \u00fcbernahm das Gesch\u00e4ft 1951. Robert heiratete Elisabeth Luger, geborene Ruck. Mit ihr zusammen f\u00fchrte er das Gesch\u00e4ft bis 1989. Er bildete sieben Lehrlinge aus, legte den Gesellenbrief als Optiker ab und erweiterte das Sortiment um Brillen und optische Artikel.<br \/>\nZusammen mit Elisabeth hat er drei Kinder: Elisabeth, Christa-Maria und Thomas. 1980 wurde das Gesch\u00e4ft zum zweiten mal modernisiert.<\/p>\n<p>&nbsp;<\/p>\n<h5>seit 1989<\/h5>\n<p>Im Oktober 1989 \u00fcbernahm Thomas Luger die Firma. Als gelernter Kaufmann einerseits und Gemologe (D.gem.), Diamantspezialist, und Schmuckdesigner andererseits, strukturierte er den Betrieb um. Mit der Erfahrung aus seiner T\u00e4tigkeit als Uhren- und Schmuckverk\u00e4ufer und Designer bei &#8222;Secrets&#8220; in Toronto und &#8222;H. Stern&#8220; in Miami gab er dem Gesch\u00e4ft ein v\u00f6llig neues Gesicht.<br \/>\nDer Wandel vollzog sich \u00e4u\u00dferlich durch den dritten Umbau im Jahr 1989 und inhaltlich durch die Umstellung des Angebots. Er baute das Sortiment renommierter Schweizer Uhrmarken und hochwertigen Schmucks deutlich aus. Dazu kamen eigene Entw\u00fcrfe und Umsetzung besonderer Kundenw\u00fcnsche.<\/p>\n<p>Bei Juwelier Luger findet man heute alles vom trendigen Silberschmuck \u00fcber Kreationen freier Designer bis hin zu hochwertigen Juwelen mit Edelsteinen aller Art.<\/p>\n","protected":false},"excerpt":{"rendered":"<p>1548 In diesem Jahr kam der erste Luger, Michael, aufgrund der damaligen Glaubenskriege nach Gunzenhausen und erhielt die B\u00fcrgerw\u00fcrde. Damit verbunden waren Rechte wie z.B. das Wahl- und Mitspracherecht in der B\u00fcrgerversammlung. In der Ahnenreihe befinden sich B\u00fcrgermeister, R\u00e4te der Stadt, Metzgermeister, Goldschl\u00e4ger, H\u00e4ndler und Wirte. &nbsp; 1875-1907 Im Jahre 1875 gr\u00fcndete Uhrmachermeister Karl Luger <a class=\"more-link\" href=\"https:\/\/juwelier-luger.de\/?page_id=196\">Weiterlesen&#8230;<\/a><\/p>\n","protected":false},"author":1,"featured_media":0,"parent":0,"menu_order":0,"comment_status":"closed","ping_status":"closed","template":"","meta":{"footnotes":""},"class_list":["post-196","page","type-page","status-publish","hentry"],"aioseo_notices":[],"_links":{"self":[{"href":"https:\/\/juwelier-luger.de\/index.php?rest_route=\/wp\/v2\/pages\/196","targetHints":{"allow":["GET"]}}],"collection":[{"href":"https:\/\/juwelier-luger.de\/index.php?rest_route=\/wp\/v2\/pages"}],"about":[{"href":"https:\/\/juwelier-luger.de\/index.php?rest_route=\/wp\/v2\/types\/page"}],"author":[{"embeddable":true,"href":"https:\/\/juwelier-luger.de\/index.php?rest_route=\/wp\/v2\/users\/1"}],"replies":[{"embeddable":true,"href":"https:\/\/juwelier-luger.de\/index.php?rest_route=%2Fwp%2Fv2%2Fcomments&post=196"}],"version-history":[{"count":8,"href":"https:\/\/juwelier-luger.de\/index.php?rest_route=\/wp\/v2\/pages\/196\/revisions"}],"predecessor-version":[{"id":508,"href":"https:\/\/juwelier-luger.de\/index.php?rest_route=\/wp\/v2\/pages\/196\/revisions\/508"}],"wp:attachment":[{"href":"https:\/\/juwelier-luger.de\/index.php?rest_route=%2Fwp%2Fv2%2Fmedia&parent=196"}],"curies":[{"name":"wp","href":"https:\/\/api.w.org\/{rel}","templated":true}]}}