{"id":130,"date":"2016-12-30T12:32:44","date_gmt":"2016-12-30T11:32:44","guid":{"rendered":"http:\/\/juwelier-luger.de\/?page_id=130"},"modified":"2023-09-30T16:38:01","modified_gmt":"2023-09-30T15:38:01","slug":"breitling","status":"publish","type":"page","link":"https:\/\/juwelier-luger.de\/?page_id=130","title":{"rendered":"Breitling"},"content":{"rendered":"<p><img loading=\"lazy\" decoding=\"async\" class=\"wp-image-363 aligncenter\" src=\"http:\/\/juwelier-luger.de\/wp-content\/uploads\/2016\/12\/Breitling_Logo-300x164.jpg\" alt=\"\" width=\"192\" height=\"105\" srcset=\"https:\/\/juwelier-luger.de\/wp-content\/uploads\/2016\/12\/Breitling_Logo-300x164.jpg 300w, https:\/\/juwelier-luger.de\/wp-content\/uploads\/2016\/12\/Breitling_Logo.jpg 500w\" sizes=\"auto, (max-width: 192px) 100vw, 192px\" \/><\/p>\n<p>Als Spezialist f\u00fcr technische Zeitmesser spielte Breitling eine Hauptrolle bei der Entwicklung des Armbandchronografen und geh\u00f6rt zu den Leadern dieser Komplikation. Dank ihrer zuverl\u00e4ssigen, robusten und leistungsstarken Instrumente nahm die Firma an s\u00e4mtlichen Highlights bei der Eroberung der L\u00fcfte aktiv teil. Breitling ist weltweit eine der wenigen grossen Uhrenmarken, die alle ihre Modelle mit offiziell Chronometer-zertifizierten Werken anbieten \u2013 dem h\u00f6chsten G\u00fctesiegel hinsichtlich Pr\u00e4zision. Breitling ist auch einer der seltenen Hersteller, die ihre eigenen mechanischen Chronografenwerke vollst\u00e4ndig in ihren Ateliers konzipieren und fertigen. Zudem ist das Unternehmen eine der letzten, noch von jeglicher Gruppe der Uhrmacherei unabh\u00e4ngigen Schweizer Uhrenmarken.<\/p>\n<h6><\/h6>\n<h6><strong>Die Kollektion<\/strong><\/h6>\n<p>Ihre Breitling Uhr k\u00f6nnen Sie sich ganz nach Ihren W\u00fcnschen zusammenstellen.\u00a0Es gibt verschiedene Uhren-Grundkonzepte,\u00a0die sich in Farbe und Gestaltung individuell anpassen lassen.<\/p>\n<h1 style=\"text-align: center;\"><\/h1>\n<h1 style=\"text-align: center;\">Entdecken Sie die Welt von Breitling<\/h1>\n<h1 style=\"text-align: center;\"><a href=\"http:\/\/www.breitling.com\">&lt;&lt;Bitte hier klicken&gt;&gt;<\/a><\/h1>\n","protected":false},"excerpt":{"rendered":"<p>Als Spezialist f\u00fcr technische Zeitmesser spielte Breitling eine Hauptrolle bei der Entwicklung des Armbandchronografen und geh\u00f6rt zu den Leadern dieser Komplikation. Dank ihrer zuverl\u00e4ssigen, robusten und leistungsstarken Instrumente nahm die Firma an s\u00e4mtlichen Highlights bei der Eroberung der L\u00fcfte aktiv teil. Breitling ist weltweit eine der wenigen grossen Uhrenmarken, die alle ihre Modelle mit offiziell <a class=\"more-link\" href=\"https:\/\/juwelier-luger.de\/?page_id=130\">Weiterlesen&#8230;<\/a><\/p>\n","protected":false},"author":1,"featured_media":0,"parent":21,"menu_order":0,"comment_status":"closed","ping_status":"closed","template":"","meta":{"footnotes":""},"class_list":["post-130","page","type-page","status-publish","hentry"],"aioseo_notices":[],"_links":{"self":[{"href":"https:\/\/juwelier-luger.de\/index.php?rest_route=\/wp\/v2\/pages\/130","targetHints":{"allow":["GET"]}}],"collection":[{"href":"https:\/\/juwelier-luger.de\/index.php?rest_route=\/wp\/v2\/pages"}],"about":[{"href":"https:\/\/juwelier-luger.de\/index.php?rest_route=\/wp\/v2\/types\/page"}],"author":[{"embeddable":true,"href":"https:\/\/juwelier-luger.de\/index.php?rest_route=\/wp\/v2\/users\/1"}],"replies":[{"embeddable":true,"href":"https:\/\/juwelier-luger.de\/index.php?rest_route=%2Fwp%2Fv2%2Fcomments&post=130"}],"version-history":[{"count":20,"href":"https:\/\/juwelier-luger.de\/index.php?rest_route=\/wp\/v2\/pages\/130\/revisions"}],"predecessor-version":[{"id":829,"href":"https:\/\/juwelier-luger.de\/index.php?rest_route=\/wp\/v2\/pages\/130\/revisions\/829"}],"up":[{"embeddable":true,"href":"https:\/\/juwelier-luger.de\/index.php?rest_route=\/wp\/v2\/pages\/21"}],"wp:attachment":[{"href":"https:\/\/juwelier-luger.de\/index.php?rest_route=%2Fwp%2Fv2%2Fmedia&parent=130"}],"curies":[{"name":"wp","href":"https:\/\/api.w.org\/{rel}","templated":true}]}}